{"id":1531,"date":"2021-05-27T12:53:46","date_gmt":"2021-05-27T10:53:46","guid":{"rendered":"https:\/\/pelvired.be\/qui-sommes-nous\/"},"modified":"2023-01-19T12:11:14","modified_gmt":"2023-01-19T11:11:14","slug":"geschiedenis-pelvired","status":"publish","type":"page","link":"https:\/\/pelvired.be\/nl\/geschiedenis-pelvired\/","title":{"rendered":"Geschiedenis van Pelvired"},"content":{"rendered":"\n<h2 class=\"wp-block-heading\">Pelvired is opgericht in 1994<\/h2>\n\n\n\n<p>Pelvired vzw werd opgericht op 6 september 1994 (de statuten werden gepubliceerd op 14 februari 1995). Dit gebeurde onder impuls van de Antwerpse uroloog prof. JJ Wyndaele, pionier van de interuniversitaire opleiding met getuigschrift in Vlaanderen. Het hoofddoel van de vereniging is niet alleen pelvische re\u00ebducatie en perinatale kinesitherapie promoten, maar ook wetenschappelijke vooruitgang stimuleren!&nbsp;<\/p>\n\n\n\n<p>In het begin van de jaren 1980 wordt pelvische re\u00ebducatie (PR) in Belgi\u00eb ge\u00efntroduceerd als een nieuwe therapie voor de behandeling van urine-incontinentie. Op dat moment was de re\u00ebducatie voornamelijk, om niet te zeggen uitsluitend, gebaseerd op het versterken van de bekkenbodem. In 1994 wordt pelvische re\u00ebducatie een gevestigde waarde bij de behandeling van incontinentie, met een aanbeveling van graad A door ICS. Sindsdien is pelvische re\u00ebducatie sterk ge\u00ebvolueerd. Nieuwe technieken worden erkend door Evidence Based Practice (EBP) en vereisen een specifieke opleiding in deze nieuwe bekwaamheid. Op 22 april 2014 wordt in het Belgisch Staatsblad een ministerieel besluit gepubliceerd tot erkenning van een BBK (Bijzondere Beroepsbekwaamheid) in <em>bekkenbodemre\u00ebducatie en perinatale kinesitherapie<\/em>.Als zij voldoen aan de in het MB gepubliceerde normen, kunnen gespecialiseerde kinesitherapeuten zich de <em>bijzondere beroepsbekwaamheid (BBK)<\/em> toe-eigenen. Momenteel bieden verschillende universiteiten de opleidingen met getuigschrift van 45 ECTS aan. Deze opleidingen voldoen allemaal aan de specifieke accreditatiecriteria.&nbsp;<\/p>\n\n\n\n<h2 class=\"wp-block-heading\">Pelvired&#8217;s bijdrage aan pelvische reeducatie<\/h2>\n\n\n\n<p>Pelvired heeft een belangrijk aandeel in deze evolutie en in de erkenning van pelvische re\u00ebducatie. De vzw heeft meegewerkt aan de opstelling van de nomenclatuur rond pelvische re\u00ebducatie, aan de totstandkoming van de BBK, aan het verdedigen van de re\u00ebducatie als kinesitherapeutische bekwaamheid en aan nog veel meer. Bovendien heeft Pelvired bij zijn leden nieuwigheden ge\u00efntroduceerd.<\/p>\n\n\n\n<p><br>Sinds de oprichting van de vzw heeft Pelvired steeds gepleit voor een multidisciplinaire aanpak, door huisartsen, specialisten, kinesitherapeuten, apothekers, psychologen, seksuologen en andere medische en paramedische beroepsbeoefenaars erbij te betrekken.<\/p>\n\n\n\n<p>Wij zijn een dynamische vereniging die regelmatig het laatste wetenschappelijke nieuws\/bewijsmateriaal met haar leden deelt. Op welke manier? Via webinars, door congressen of andere kwaliteitsvolle wetenschappelijke activiteiten rond pelvische re\u00ebducatie en perinatale kinesitherapie te organiseren.<\/p>\n","protected":false},"excerpt":{"rendered":"<p>Pelvired is opgericht in 1994 Pelvired vzw werd opgericht op 6 september 1994 (de statuten werden gepubliceerd op 14 februari 1995). Dit gebeurde onder impuls van de Antwerpse uroloog prof. JJ Wyndaele, pionier van de interuniversitaire opleiding met getuigschrift in Vlaanderen. Het hoofddoel van de vereniging is niet alleen pelvische re\u00ebducatie en perinatale kinesitherapie promoten,&#8230;<\/p>\n","protected":false},"author":1,"featured_media":0,"parent":0,"menu_order":0,"comment_status":"closed","ping_status":"closed","template":"","meta":{"_kadence_starter_templates_imported_post":false,"_kad_post_transparent":"","_kad_post_title":"","_kad_post_layout":"right","_kad_post_sidebar_id":"","_kad_post_content_style":"","_kad_post_vertical_padding":"","_kad_post_feature":"","_kad_post_feature_position":"","_kad_post_header":false,"_kad_post_footer":false,"_kad_post_classname":"","footnotes":""},"class_list":["post-1531","page","type-page","status-publish","hentry"],"_links":{"self":[{"href":"https:\/\/pelvired.be\/nl\/wp-json\/wp\/v2\/pages\/1531","targetHints":{"allow":["GET"]}}],"collection":[{"href":"https:\/\/pelvired.be\/nl\/wp-json\/wp\/v2\/pages"}],"about":[{"href":"https:\/\/pelvired.be\/nl\/wp-json\/wp\/v2\/types\/page"}],"author":[{"embeddable":true,"href":"https:\/\/pelvired.be\/nl\/wp-json\/wp\/v2\/users\/1"}],"replies":[{"embeddable":true,"href":"https:\/\/pelvired.be\/nl\/wp-json\/wp\/v2\/comments?post=1531"}],"version-history":[{"count":4,"href":"https:\/\/pelvired.be\/nl\/wp-json\/wp\/v2\/pages\/1531\/revisions"}],"predecessor-version":[{"id":2182,"href":"https:\/\/pelvired.be\/nl\/wp-json\/wp\/v2\/pages\/1531\/revisions\/2182"}],"wp:attachment":[{"href":"https:\/\/pelvired.be\/nl\/wp-json\/wp\/v2\/media?parent=1531"}],"curies":[{"name":"wp","href":"https:\/\/api.w.org\/{rel}","templated":true}]}}